{"id":2933,"date":"2025-10-11T22:40:00","date_gmt":"2025-10-11T20:40:00","guid":{"rendered":"https:\/\/www.ieslosmontecillos.es\/wp\/?page_id=2933"},"modified":"2026-01-08T21:00:41","modified_gmt":"2026-01-08T20:00:41","slug":"planes-programas","status":"publish","type":"page","link":"https:\/\/www.ieslosmontecillos.es\/wp\/planes-programas\/","title":{"rendered":"Planes y programas"},"content":{"rendered":"\n<div class=\"wp-block-group alignfull flex-stretch has-medium-font-size is-layout-grid wp-container-core-group-is-layout-fdb25e49 wp-block-group-is-layout-grid\" style=\"margin-top:0;margin-bottom:0;padding-top:var(--wp--preset--spacing--30);padding-right:0;padding-bottom:var(--wp--preset--spacing--30);padding-left:0\">\n<div class=\"wp-block-group tarjeta wp-container-content-c7d8acd0 is-vertical is-content-justification-center is-layout-flex wp-container-core-group-is-layout-335b1c95 wp-block-group-is-layout-flex\">\n<figure class=\"wp-block-image size-medium is-resized is-style-default\"><img loading=\"lazy\" decoding=\"async\" width=\"300\" height=\"300\" src=\"https:\/\/www.ieslosmontecillos.es\/wp\/wp-content\/uploads\/2025\/10\/Programa-aulaDjaque-300x300.jpg\" alt=\"\" class=\"wp-image-2965\" style=\"width:180px\" srcset=\"https:\/\/www.ieslosmontecillos.es\/wp\/wp-content\/uploads\/2025\/10\/Programa-aulaDjaque-300x300.jpg 300w, https:\/\/www.ieslosmontecillos.es\/wp\/wp-content\/uploads\/2025\/10\/Programa-aulaDjaque-150x150.jpg 150w, https:\/\/www.ieslosmontecillos.es\/wp\/wp-content\/uploads\/2025\/10\/Programa-aulaDjaque.jpg 450w\" sizes=\"auto, (max-width: 300px) 100vw, 300px\" \/><\/figure>\n\n\n\n<p class=\"has-text-align-center\"><a href=\"https:\/\/www.ieslosmontecillos.es\/wp\/planes-programas\/auladjaque\/\">aulaDjaque<\/a><\/p>\n<\/div>\n\n\n\n<div class=\"wp-block-group tarjeta wp-container-content-c7d8acd0 is-vertical is-content-justification-center is-layout-flex wp-container-core-group-is-layout-335b1c95 wp-block-group-is-layout-flex\">\n<figure class=\"wp-block-image size-full is-resized is-style-default\"><img loading=\"lazy\" decoding=\"async\" width=\"249\" height=\"249\" src=\"https:\/\/www.ieslosmontecillos.es\/wp\/wp-content\/uploads\/2025\/10\/Programa-ADA.jpg\" alt=\"\" class=\"wp-image-2967\" style=\"width:180px\" srcset=\"https:\/\/www.ieslosmontecillos.es\/wp\/wp-content\/uploads\/2025\/10\/Programa-ADA.jpg 249w, https:\/\/www.ieslosmontecillos.es\/wp\/wp-content\/uploads\/2025\/10\/Programa-ADA-150x150.jpg 150w\" sizes=\"auto, (max-width: 249px) 100vw, 249px\" \/><\/figure>\n\n\n\n<p class=\"has-text-align-center\"><a href=\"https:\/\/www.juntadeandalucia.es\/educacion\/portales\/web\/planes-y-programas\/programas-desarrollo-educativo\/ayudante-digital-ada\/presentacion\" target=\"_blank\" rel=\"noreferrer noopener\">ADA<\/a><\/p>\n<\/div>\n\n\n\n<div class=\"wp-block-group tarjeta wp-container-content-c7d8acd0 is-vertical is-content-justification-center is-layout-flex wp-container-core-group-is-layout-335b1c95 wp-block-group-is-layout-flex\">\n<figure class=\"wp-block-image size-medium is-resized is-style-default\"><img loading=\"lazy\" decoding=\"async\" width=\"300\" height=\"300\" src=\"https:\/\/www.ieslosmontecillos.es\/wp\/wp-content\/uploads\/2025\/10\/Programa-Bienestar-Emocional-300x300.jpg\" alt=\"\" class=\"wp-image-2968\" style=\"width:180px\" srcset=\"https:\/\/www.ieslosmontecillos.es\/wp\/wp-content\/uploads\/2025\/10\/Programa-Bienestar-Emocional-300x300.jpg 300w, https:\/\/www.ieslosmontecillos.es\/wp\/wp-content\/uploads\/2025\/10\/Programa-Bienestar-Emocional-150x150.jpg 150w, https:\/\/www.ieslosmontecillos.es\/wp\/wp-content\/uploads\/2025\/10\/Programa-Bienestar-Emocional.jpg 353w\" sizes=\"auto, (max-width: 300px) 100vw, 300px\" \/><\/figure>\n\n\n\n<p class=\"has-text-align-center\"><a href=\"https:\/\/www.juntadeandalucia.es\/educacion\/portales\/web\/planes-y-programas\/programas-desarrollo-educativo\/bienestar-emocional\/presentacion\" target=\"_blank\" rel=\"noreferrer noopener\">Bienestar Emocional<\/a><\/p>\n<\/div>\n\n\n\n<div class=\"wp-block-group tarjeta wp-container-content-c7d8acd0 is-vertical is-content-justification-center is-layout-flex wp-container-core-group-is-layout-335b1c95 wp-block-group-is-layout-flex\">\n<figure class=\"wp-block-image size-full is-resized is-style-default\"><img loading=\"lazy\" decoding=\"async\" width=\"300\" height=\"300\" src=\"https:\/\/www.ieslosmontecillos.es\/wp\/wp-content\/uploads\/2025\/10\/Programa-Codigo-Escuela-4.jpg\" alt=\"\" class=\"wp-image-2969\" style=\"width:180px\" srcset=\"https:\/\/www.ieslosmontecillos.es\/wp\/wp-content\/uploads\/2025\/10\/Programa-Codigo-Escuela-4.jpg 300w, https:\/\/www.ieslosmontecillos.es\/wp\/wp-content\/uploads\/2025\/10\/Programa-Codigo-Escuela-4-150x150.jpg 150w\" sizes=\"auto, (max-width: 300px) 100vw, 300px\" \/><\/figure>\n\n\n\n<p class=\"has-text-align-center\"><a href=\"https:\/\/espanadigital.gob.es\/lineas-de-actuacion\/programa-codigo-escuela-40\" target=\"_blank\" rel=\"noreferrer noopener\">C\u00f3digo Escuela 4.0<\/a><\/p>\n<\/div>\n\n\n\n<div class=\"wp-block-group tarjeta wp-container-content-c7d8acd0 is-vertical is-content-justification-center is-layout-flex wp-container-core-group-is-layout-335b1c95 wp-block-group-is-layout-flex\">\n<figure class=\"wp-block-image size-medium is-resized is-style-default\"><img loading=\"lazy\" decoding=\"async\" width=\"300\" height=\"300\" src=\"https:\/\/www.ieslosmontecillos.es\/wp\/wp-content\/uploads\/2025\/10\/Programa-ComunicA-300x300.jpg\" alt=\"\" class=\"wp-image-2966\" style=\"width:180px\" srcset=\"https:\/\/www.ieslosmontecillos.es\/wp\/wp-content\/uploads\/2025\/10\/Programa-ComunicA-300x300.jpg 300w, https:\/\/www.ieslosmontecillos.es\/wp\/wp-content\/uploads\/2025\/10\/Programa-ComunicA-150x150.jpg 150w, https:\/\/www.ieslosmontecillos.es\/wp\/wp-content\/uploads\/2025\/10\/Programa-ComunicA.jpg 450w\" sizes=\"auto, (max-width: 300px) 100vw, 300px\" \/><\/figure>\n\n\n\n<p class=\"has-text-align-center\"><a href=\"https:\/\/www.ieslosmontecillos.es\/wp\/planes-programas\/comunica\/\">ComunicA<\/a><\/p>\n<\/div>\n\n\n\n<div class=\"wp-block-group tarjeta wp-container-content-c7d8acd0 is-vertical is-content-justification-center is-layout-flex wp-container-core-group-is-layout-335b1c95 wp-block-group-is-layout-flex\">\n<figure class=\"wp-block-image size-medium is-resized is-style-default\"><img loading=\"lazy\" decoding=\"async\" width=\"300\" height=\"300\" src=\"https:\/\/www.ieslosmontecillos.es\/wp\/wp-content\/uploads\/2025\/10\/Programa-ConRed-300x300.jpg\" alt=\"\" class=\"wp-image-2970\" style=\"width:180px\" srcset=\"https:\/\/www.ieslosmontecillos.es\/wp\/wp-content\/uploads\/2025\/10\/Programa-ConRed-300x300.jpg 300w, https:\/\/www.ieslosmontecillos.es\/wp\/wp-content\/uploads\/2025\/10\/Programa-ConRed-150x150.jpg 150w, https:\/\/www.ieslosmontecillos.es\/wp\/wp-content\/uploads\/2025\/10\/Programa-ConRed.jpg 400w\" sizes=\"auto, (max-width: 300px) 100vw, 300px\" \/><\/figure>\n\n\n\n<p class=\"has-text-align-center\"><a href=\"https:\/\/www.juntadeandalucia.es\/educacion\/portales\/web\/planes-y-programas\/programas-desarrollo-educativo\/conred\/presentacion\" target=\"_blank\" rel=\"noreferrer noopener\">ConRed<\/a><\/p>\n<\/div>\n\n\n\n<div class=\"wp-block-group tarjeta wp-container-content-c7d8acd0 is-vertical is-content-justification-center is-layout-flex wp-container-core-group-is-layout-335b1c95 wp-block-group-is-layout-flex\">\n<figure class=\"wp-block-image size-medium is-resized is-style-default\"><img loading=\"lazy\" decoding=\"async\" width=\"300\" height=\"300\" src=\"https:\/\/www.ieslosmontecillos.es\/wp\/wp-content\/uploads\/2025\/10\/Programa-Escuela-Espacio-de-Paz-300x300.jpg\" alt=\"\" class=\"wp-image-2971\" style=\"width:180px\" srcset=\"https:\/\/www.ieslosmontecillos.es\/wp\/wp-content\/uploads\/2025\/10\/Programa-Escuela-Espacio-de-Paz-300x300.jpg 300w, https:\/\/www.ieslosmontecillos.es\/wp\/wp-content\/uploads\/2025\/10\/Programa-Escuela-Espacio-de-Paz-150x150.jpg 150w, https:\/\/www.ieslosmontecillos.es\/wp\/wp-content\/uploads\/2025\/10\/Programa-Escuela-Espacio-de-Paz.jpg 400w\" sizes=\"auto, (max-width: 300px) 100vw, 300px\" \/><\/figure>\n\n\n\n<p class=\"has-text-align-center\"><a href=\"https:\/\/www.ieslosmontecillos.es\/wp\/planes-programas\/escuela-espacio-de-paz\/\">Escuela: Espacio de Paz<\/a><\/p>\n<\/div>\n\n\n\n<div class=\"wp-block-group tarjeta wp-container-content-c7d8acd0 is-vertical is-content-justification-center is-layout-flex wp-container-core-group-is-layout-335b1c95 wp-block-group-is-layout-flex\">\n<figure class=\"wp-block-image size-medium is-resized is-style-default\"><img loading=\"lazy\" decoding=\"async\" width=\"300\" height=\"300\" src=\"https:\/\/www.ieslosmontecillos.es\/wp\/wp-content\/uploads\/2025\/10\/Programa-Habitos-de-Vida-Saludable-300x300.jpg\" alt=\"\" class=\"wp-image-2972\" style=\"width:180px\" srcset=\"https:\/\/www.ieslosmontecillos.es\/wp\/wp-content\/uploads\/2025\/10\/Programa-Habitos-de-Vida-Saludable-300x300.jpg 300w, https:\/\/www.ieslosmontecillos.es\/wp\/wp-content\/uploads\/2025\/10\/Programa-Habitos-de-Vida-Saludable-150x150.jpg 150w, https:\/\/www.ieslosmontecillos.es\/wp\/wp-content\/uploads\/2025\/10\/Programa-Habitos-de-Vida-Saludable.jpg 600w\" sizes=\"auto, (max-width: 300px) 100vw, 300px\" \/><\/figure>\n\n\n\n<p class=\"has-text-align-center\"><a href=\"https:\/\/www.ieslosmontecillos.es\/wp\/planes-programas\/habitos-de-vida-saludable\/\">H\u00e1bitos de Vida Saludable<\/a><\/p>\n<\/div>\n\n\n\n<div class=\"wp-block-group tarjeta wp-container-content-c7d8acd0 is-vertical is-content-justification-center is-layout-flex wp-container-core-group-is-layout-335b1c95 wp-block-group-is-layout-flex\">\n<figure class=\"wp-block-image size-medium is-resized is-style-default\"><img loading=\"lazy\" decoding=\"async\" width=\"300\" height=\"300\" src=\"https:\/\/www.ieslosmontecillos.es\/wp\/wp-content\/uploads\/2025\/10\/Pacto-de-Estado-300x300.jpg\" alt=\"\" class=\"wp-image-2974\" style=\"width:180px\" srcset=\"https:\/\/www.ieslosmontecillos.es\/wp\/wp-content\/uploads\/2025\/10\/Pacto-de-Estado-300x300.jpg 300w, https:\/\/www.ieslosmontecillos.es\/wp\/wp-content\/uploads\/2025\/10\/Pacto-de-Estado-150x150.jpg 150w, https:\/\/www.ieslosmontecillos.es\/wp\/wp-content\/uploads\/2025\/10\/Pacto-de-Estado.jpg 556w\" sizes=\"auto, (max-width: 300px) 100vw, 300px\" \/><\/figure>\n\n\n\n<p class=\"has-text-align-center\"><a href=\"https:\/\/www.ieslosmontecillos.es\/wp\/planes-programas\/igualdad-de-genero\/\">Igualdad de G\u00e9nero<\/a><\/p>\n<\/div>\n\n\n\n<div class=\"wp-block-group tarjeta wp-container-content-c7d8acd0 is-vertical is-content-justification-center is-layout-flex wp-container-core-group-is-layout-335b1c95 wp-block-group-is-layout-flex\">\n<figure class=\"wp-block-image size-medium is-resized is-style-default\"><img loading=\"lazy\" decoding=\"async\" width=\"300\" height=\"300\" src=\"https:\/\/www.ieslosmontecillos.es\/wp\/wp-content\/uploads\/2025\/10\/Programas-Culturales-300x300.jpg\" alt=\"\" class=\"wp-image-2973\" style=\"width:180px\" srcset=\"https:\/\/www.ieslosmontecillos.es\/wp\/wp-content\/uploads\/2025\/10\/Programas-Culturales-300x300.jpg 300w, https:\/\/www.ieslosmontecillos.es\/wp\/wp-content\/uploads\/2025\/10\/Programas-Culturales-150x150.jpg 150w, https:\/\/www.ieslosmontecillos.es\/wp\/wp-content\/uploads\/2025\/10\/Programas-Culturales.jpg 450w\" sizes=\"auto, (max-width: 300px) 100vw, 300px\" \/><\/figure>\n\n\n\n<p class=\"has-text-align-center\"><a href=\"https:\/\/www.ieslosmontecillos.es\/wp\/planes-programas\/programas-culturales\/\">Programas Culturales<\/a><\/p>\n<\/div>\n<\/div>\n","protected":false},"excerpt":{"rendered":"<p>aulaDjaque ADA Bienestar Emocional C\u00f3digo Escuela 4.0 ComunicA ConRed Escuela: Espacio de Paz H\u00e1bitos de Vida Saludable Igualdad de G\u00e9nero Programas Culturales<\/p>\n","protected":false},"author":4,"featured_media":2965,"parent":0,"menu_order":0,"comment_status":"closed","ping_status":"closed","template":"","meta":{"_uag_custom_page_level_css":"","site-sidebar-layout":"default","site-content-layout":"","ast-site-content-layout":"default","site-content-style":"default","site-sidebar-style":"default","ast-global-header-display":"","ast-banner-title-visibility":"","ast-main-header-display":"","ast-hfb-above-header-display":"","ast-hfb-below-header-display":"","ast-hfb-mobile-header-display":"","site-post-title":"","ast-breadcrumbs-content":"","ast-featured-img":"","footer-sml-layout":"","ast-disable-related-posts":"","theme-transparent-header-meta":"","adv-header-id-meta":"","stick-header-meta":"","header-above-stick-meta":"","header-main-stick-meta":"","header-below-stick-meta":"","astra-migrate-meta-layouts":"default","ast-page-background-enabled":"default","ast-page-background-meta":{"desktop":{"background-color":"var(--ast-global-color-5)","background-image":"","background-repeat":"repeat","background-position":"center center","background-size":"auto","background-attachment":"scroll","background-type":"","background-media":"","overlay-type":"","overlay-color":"","overlay-opacity":"","overlay-gradient":""},"tablet":{"background-color":"","background-image":"","background-repeat":"repeat","background-position":"center center","background-size":"auto","background-attachment":"scroll","background-type":"","background-media":"","overlay-type":"","overlay-color":"","overlay-opacity":"","overlay-gradient":""},"mobile":{"background-color":"","background-image":"","background-repeat":"repeat","background-position":"center center","background-size":"auto","background-attachment":"scroll","background-type":"","background-media":"","overlay-type":"","overlay-color":"","overlay-opacity":"","overlay-gradient":""}},"ast-content-background-meta":{"desktop":{"background-color":"var(--ast-global-color-4)","background-image":"","background-repeat":"repeat","background-position":"center center","background-size":"auto","background-attachment":"scroll","background-type":"","background-media":"","overlay-type":"","overlay-color":"","overlay-opacity":"","overlay-gradient":""},"tablet":{"background-color":"var(--ast-global-color-4)","background-image":"","background-repeat":"repeat","background-position":"center center","background-size":"auto","background-attachment":"scroll","background-type":"","background-media":"","overlay-type":"","overlay-color":"","overlay-opacity":"","overlay-gradient":""},"mobile":{"background-color":"var(--ast-global-color-4)","background-image":"","background-repeat":"repeat","background-position":"center center","background-size":"auto","background-attachment":"scroll","background-type":"","background-media":"","overlay-type":"","overlay-color":"","overlay-opacity":"","overlay-gradient":""}},"footnotes":""},"class_list":["post-2933","page","type-page","status-publish","has-post-thumbnail","hentry"],"uagb_featured_image_src":{"full":["https:\/\/www.ieslosmontecillos.es\/wp\/wp-content\/uploads\/2025\/10\/Programa-aulaDjaque.jpg",450,450,false],"thumbnail":["https:\/\/www.ieslosmontecillos.es\/wp\/wp-content\/uploads\/2025\/10\/Programa-aulaDjaque-150x150.jpg",150,150,true],"medium":["https:\/\/www.ieslosmontecillos.es\/wp\/wp-content\/uploads\/2025\/10\/Programa-aulaDjaque-300x300.jpg",300,300,true],"medium_large":["https:\/\/www.ieslosmontecillos.es\/wp\/wp-content\/uploads\/2025\/10\/Programa-aulaDjaque.jpg",450,450,false],"large":["https:\/\/www.ieslosmontecillos.es\/wp\/wp-content\/uploads\/2025\/10\/Programa-aulaDjaque.jpg",450,450,false],"1536x1536":["https:\/\/www.ieslosmontecillos.es\/wp\/wp-content\/uploads\/2025\/10\/Programa-aulaDjaque.jpg",450,450,false],"2048x2048":["https:\/\/www.ieslosmontecillos.es\/wp\/wp-content\/uploads\/2025\/10\/Programa-aulaDjaque.jpg",450,450,false]},"uagb_author_info":{"display_name":"Concepci\u00f3n Navarro","author_link":"https:\/\/www.ieslosmontecillos.es\/wp\/author\/maquetado\/"},"uagb_comment_info":0,"uagb_excerpt":"aulaDjaque ADA Bienestar Emocional C\u00f3digo Escuela 4.0 ComunicA ConRed Escuela: Espacio de Paz H\u00e1bitos de Vida Saludable Igualdad de G\u00e9nero Programas Culturales","_links":{"self":[{"href":"https:\/\/www.ieslosmontecillos.es\/wp\/wp-json\/wp\/v2\/pages\/2933","targetHints":{"allow":["GET"]}}],"collection":[{"href":"https:\/\/www.ieslosmontecillos.es\/wp\/wp-json\/wp\/v2\/pages"}],"about":[{"href":"https:\/\/www.ieslosmontecillos.es\/wp\/wp-json\/wp\/v2\/types\/page"}],"author":[{"embeddable":true,"href":"https:\/\/www.ieslosmontecillos.es\/wp\/wp-json\/wp\/v2\/users\/4"}],"replies":[{"embeddable":true,"href":"https:\/\/www.ieslosmontecillos.es\/wp\/wp-json\/wp\/v2\/comments?post=2933"}],"version-history":[{"count":29,"href":"https:\/\/www.ieslosmontecillos.es\/wp\/wp-json\/wp\/v2\/pages\/2933\/revisions"}],"predecessor-version":[{"id":4006,"href":"https:\/\/www.ieslosmontecillos.es\/wp\/wp-json\/wp\/v2\/pages\/2933\/revisions\/4006"}],"wp:featuredmedia":[{"embeddable":true,"href":"https:\/\/www.ieslosmontecillos.es\/wp\/wp-json\/wp\/v2\/media\/2965"}],"wp:attachment":[{"href":"https:\/\/www.ieslosmontecillos.es\/wp\/wp-json\/wp\/v2\/media?parent=2933"}],"curies":[{"name":"wp","href":"https:\/\/api.w.org\/{rel}","templated":true}]}}