{"id":1767,"date":"2018-06-13T18:13:45","date_gmt":"2018-06-13T16:13:45","guid":{"rendered":"http:\/\/www.ieslosmontecillos.es\/wp\/?page_id=1767"},"modified":"2025-10-12T22:10:59","modified_gmt":"2025-10-12T20:10:59","slug":"ciclo-superior-dam","status":"publish","type":"page","link":"https:\/\/www.ieslosmontecillos.es\/wp\/oferta-educativa\/ciclo-superior-dam\/","title":{"rendered":"Ciclo Superior de Desarrollo de Aplicaciones Multiplataforma"},"content":{"rendered":"\n<p>El ciclo se compone de dos cursos con un total de 2.000 horas y con la siguiente distribuci\u00f3n de m\u00f3dulos:<\/p>\n\n\n\n<h2 class=\"wp-block-heading\">Primer curso (960 horas)<\/h2>\n\n\n\n<figure class=\"wp-block-table is-style-stripes\"><table><thead><tr><th>M\u00f3dulo<\/th><th class=\"has-text-align-center\" data-align=\"center\">Horas por semana<\/th><\/tr><\/thead><tbody><tr><td>Sistemas inform\u00e1ticos<\/td><td class=\"has-text-align-center\" data-align=\"center\">6<\/td><\/tr><tr><td>Bases de datos<\/td><td class=\"has-text-align-center\" data-align=\"center\">6<\/td><\/tr><tr><td>Programaci\u00f3n<\/td><td class=\"has-text-align-center\" data-align=\"center\">8<\/td><\/tr><tr><td>Lenguajes de marcas y sistemas de gesti\u00f3n de informaci\u00f3n<\/td><td class=\"has-text-align-center\" data-align=\"center\">4<\/td><\/tr><tr><td>Entornos de desarrollo<\/td><td class=\"has-text-align-center\" data-align=\"center\">3<\/td><\/tr><tr><td>Formaci\u00f3n y orientaci\u00f3n laboral<\/td><td class=\"has-text-align-center\" data-align=\"center\">3<\/td><\/tr><\/tbody><\/table><\/figure>\n\n\n\n<div class=\"wp-block-group is-content-justification-center is-layout-flex wp-container-core-group-is-layout-b02886af wp-block-group-is-layout-flex\">\n<figure class=\"wp-block-image is-resized\"><img loading=\"lazy\" decoding=\"async\" width=\"300\" height=\"143\" src=\"https:\/\/www.ieslosmontecillos.es\/wp\/wp-content\/uploads\/2018\/06\/SI-300x143.jpg\" alt=\"\" class=\"wp-image-1774\" style=\"width:auto;height:120px\" srcset=\"https:\/\/www.ieslosmontecillos.es\/wp\/wp-content\/uploads\/2018\/06\/SI-300x143.jpg 300w, https:\/\/www.ieslosmontecillos.es\/wp\/wp-content\/uploads\/2018\/06\/SI-768x366.jpg 768w, https:\/\/www.ieslosmontecillos.es\/wp\/wp-content\/uploads\/2018\/06\/SI.jpg 808w\" sizes=\"auto, (max-width: 300px) 100vw, 300px\" \/><\/figure>\n\n\n\n<figure class=\"wp-block-image is-resized\"><img loading=\"lazy\" decoding=\"async\" width=\"300\" height=\"145\" src=\"https:\/\/www.ieslosmontecillos.es\/wp\/wp-content\/uploads\/2018\/06\/bases-de-datos-300x145.jpg\" alt=\"\" class=\"wp-image-1770\" style=\"width:auto;height:120px\" srcset=\"https:\/\/www.ieslosmontecillos.es\/wp\/wp-content\/uploads\/2018\/06\/bases-de-datos-300x145.jpg 300w, https:\/\/www.ieslosmontecillos.es\/wp\/wp-content\/uploads\/2018\/06\/bases-de-datos.jpg 641w\" sizes=\"auto, (max-width: 300px) 100vw, 300px\" \/><\/figure>\n\n\n\n<figure class=\"wp-block-image is-resized\"><img loading=\"lazy\" decoding=\"async\" width=\"300\" height=\"139\" src=\"https:\/\/www.ieslosmontecillos.es\/wp\/wp-content\/uploads\/2018\/06\/Programacio\u0301n-300x139.png\" alt=\"\" class=\"wp-image-1773\" style=\"width:auto;height:120px\" srcset=\"https:\/\/www.ieslosmontecillos.es\/wp\/wp-content\/uploads\/2018\/06\/Programacio\u0301n-300x139.png 300w, https:\/\/www.ieslosmontecillos.es\/wp\/wp-content\/uploads\/2018\/06\/Programacio\u0301n.png 627w\" sizes=\"auto, (max-width: 300px) 100vw, 300px\" \/><\/figure>\n\n\n\n<figure class=\"wp-block-image is-resized\"><img loading=\"lazy\" decoding=\"async\" width=\"300\" height=\"123\" src=\"https:\/\/www.ieslosmontecillos.es\/wp\/wp-content\/uploads\/2018\/06\/lenguajes-de-marca-300x123.png\" alt=\"\" class=\"wp-image-1772\" style=\"width:auto;height:120px\" srcset=\"https:\/\/www.ieslosmontecillos.es\/wp\/wp-content\/uploads\/2018\/06\/lenguajes-de-marca-300x123.png 300w, https:\/\/www.ieslosmontecillos.es\/wp\/wp-content\/uploads\/2018\/06\/lenguajes-de-marca-768x315.png 768w, https:\/\/www.ieslosmontecillos.es\/wp\/wp-content\/uploads\/2018\/06\/lenguajes-de-marca.png 975w\" sizes=\"auto, (max-width: 300px) 100vw, 300px\" \/><\/figure>\n\n\n\n<figure class=\"wp-block-image is-resized\"><img loading=\"lazy\" decoding=\"async\" width=\"300\" height=\"150\" src=\"https:\/\/www.ieslosmontecillos.es\/wp\/wp-content\/uploads\/2018\/06\/ED-300x150.jpg\" alt=\"\" class=\"wp-image-1771\" style=\"width:auto;height:120px\" srcset=\"https:\/\/www.ieslosmontecillos.es\/wp\/wp-content\/uploads\/2018\/06\/ED-300x150.jpg 300w, https:\/\/www.ieslosmontecillos.es\/wp\/wp-content\/uploads\/2018\/06\/ED-768x384.jpg 768w, https:\/\/www.ieslosmontecillos.es\/wp\/wp-content\/uploads\/2018\/06\/ED.jpg 800w\" sizes=\"auto, (max-width: 300px) 100vw, 300px\" \/><\/figure>\n<\/div>\n\n\n\n<h2 class=\"wp-block-heading\">Segundo curso (1040 horas)<\/h2>\n\n\n\n<figure class=\"wp-block-table is-style-stripes\"><table><thead><tr><th>M\u00f3dulo<\/th><th class=\"has-text-align-center\" data-align=\"center\">Horas por semana<\/th><th class=\"has-text-align-center\" data-align=\"center\">Horas totales<\/th><\/tr><\/thead><tbody><tr><td>Acceso a datos<\/td><td class=\"has-text-align-center\" data-align=\"center\">5<\/td><td class=\"has-text-align-center\" data-align=\"center\"><\/td><\/tr><tr><td>Desarrollo de interfaces<\/td><td class=\"has-text-align-center\" data-align=\"center\">7<\/td><td class=\"has-text-align-center\" data-align=\"center\"><\/td><\/tr><tr><td>Programaci\u00f3n multimedia y dispositivos m\u00f3viles<\/td><td class=\"has-text-align-center\" data-align=\"center\">4<\/td><td class=\"has-text-align-center\" data-align=\"center\"><\/td><\/tr><tr><td>Programaci\u00f3n de servicios y procesos<\/td><td class=\"has-text-align-center\" data-align=\"center\">3<\/td><td class=\"has-text-align-center\" data-align=\"center\"><\/td><\/tr><tr><td>Sistemas de gesti\u00f3n empresarial<\/td><td class=\"has-text-align-center\" data-align=\"center\">4<\/td><td class=\"has-text-align-center\" data-align=\"center\"><\/td><\/tr><tr><td>Empresa e iniciativa emprendedora<\/td><td class=\"has-text-align-center\" data-align=\"center\">4<\/td><td class=\"has-text-align-center\" data-align=\"center\"><\/td><\/tr><tr><td>Horas de libre configuraci\u00f3n<\/td><td class=\"has-text-align-center\" data-align=\"center\">3<\/td><td class=\"has-text-align-center\" data-align=\"center\"><\/td><\/tr><tr><td>Proyecto final<\/td><td class=\"has-text-align-center\" data-align=\"center\"><\/td><td class=\"has-text-align-center\" data-align=\"center\">40<\/td><\/tr><tr><td>Formaci\u00f3n en centros de trabajo<\/td><td class=\"has-text-align-center\" data-align=\"center\"><\/td><td class=\"has-text-align-center\" data-align=\"center\">370<\/td><\/tr><\/tbody><\/table><\/figure>\n\n\n\n<div class=\"wp-block-group is-content-justification-center is-layout-flex wp-container-core-group-is-layout-b02886af wp-block-group-is-layout-flex\">\n<figure class=\"wp-block-image is-resized\"><img loading=\"lazy\" decoding=\"async\" width=\"300\" height=\"182\" src=\"https:\/\/www.ieslosmontecillos.es\/wp\/wp-content\/uploads\/2018\/06\/acceso-a-datos-300x182.png\" alt=\"\" class=\"wp-image-1776\" style=\"width:auto;height:120px\" srcset=\"https:\/\/www.ieslosmontecillos.es\/wp\/wp-content\/uploads\/2018\/06\/acceso-a-datos-300x182.png 300w, https:\/\/www.ieslosmontecillos.es\/wp\/wp-content\/uploads\/2018\/06\/acceso-a-datos-768x467.png 768w, https:\/\/www.ieslosmontecillos.es\/wp\/wp-content\/uploads\/2018\/06\/acceso-a-datos.png 794w\" sizes=\"auto, (max-width: 300px) 100vw, 300px\" \/><\/figure>\n\n\n\n<figure class=\"wp-block-image is-resized\"><img loading=\"lazy\" decoding=\"async\" width=\"300\" height=\"118\" src=\"https:\/\/www.ieslosmontecillos.es\/wp\/wp-content\/uploads\/2018\/06\/DI-300x118.jpg\" alt=\"\" class=\"wp-image-1777\" style=\"width:auto;height:120px\" srcset=\"https:\/\/www.ieslosmontecillos.es\/wp\/wp-content\/uploads\/2018\/06\/DI-300x118.jpg 300w, https:\/\/www.ieslosmontecillos.es\/wp\/wp-content\/uploads\/2018\/06\/DI-768x302.jpg 768w, https:\/\/www.ieslosmontecillos.es\/wp\/wp-content\/uploads\/2018\/06\/DI.jpg 975w\" sizes=\"auto, (max-width: 300px) 100vw, 300px\" \/><\/figure>\n\n\n\n<figure class=\"wp-block-image is-resized\"><img loading=\"lazy\" decoding=\"async\" width=\"300\" height=\"123\" src=\"https:\/\/www.ieslosmontecillos.es\/wp\/wp-content\/uploads\/2018\/06\/programacion-multimedia-300x123.png\" alt=\"\" class=\"wp-image-1778\" style=\"width:auto;height:120px\" srcset=\"https:\/\/www.ieslosmontecillos.es\/wp\/wp-content\/uploads\/2018\/06\/programacion-multimedia-300x123.png 300w, https:\/\/www.ieslosmontecillos.es\/wp\/wp-content\/uploads\/2018\/06\/programacion-multimedia-768x315.png 768w, https:\/\/www.ieslosmontecillos.es\/wp\/wp-content\/uploads\/2018\/06\/programacion-multimedia.png 975w\" sizes=\"auto, (max-width: 300px) 100vw, 300px\" \/><\/figure>\n\n\n\n<figure class=\"wp-block-image is-resized\"><img loading=\"lazy\" decoding=\"async\" width=\"300\" height=\"136\" src=\"https:\/\/www.ieslosmontecillos.es\/wp\/wp-content\/uploads\/2018\/06\/Programacio\u0301n-Servicios-y-Procesos-300x136.png\" alt=\"\" class=\"wp-image-1779\" style=\"width:auto;height:120px\" srcset=\"https:\/\/www.ieslosmontecillos.es\/wp\/wp-content\/uploads\/2018\/06\/Programacio\u0301n-Servicios-y-Procesos-300x136.png 300w, https:\/\/www.ieslosmontecillos.es\/wp\/wp-content\/uploads\/2018\/06\/Programacio\u0301n-Servicios-y-Procesos.png 645w\" sizes=\"auto, (max-width: 300px) 100vw, 300px\" \/><\/figure>\n\n\n\n<figure class=\"wp-block-image is-resized\"><img loading=\"lazy\" decoding=\"async\" width=\"300\" height=\"150\" src=\"https:\/\/www.ieslosmontecillos.es\/wp\/wp-content\/uploads\/2018\/06\/SGE-300x150.jpg\" alt=\"\" class=\"wp-image-1780\" style=\"width:auto;height:120px\" srcset=\"https:\/\/www.ieslosmontecillos.es\/wp\/wp-content\/uploads\/2018\/06\/SGE-300x150.jpg 300w, https:\/\/www.ieslosmontecillos.es\/wp\/wp-content\/uploads\/2018\/06\/SGE.jpg 673w\" sizes=\"auto, (max-width: 300px) 100vw, 300px\" \/><\/figure>\n<\/div>\n\n\n\n<h2 class=\"wp-block-heading\">Salidas profesionales<\/h2>\n\n\n\n<p>Entre otras, se podr\u00edan detallar las siguientes:<\/p>\n\n\n\n<ul class=\"wp-block-list\">\n<li>Programador<\/li>\n\n\n\n<li>Gestor de proyectos<\/li>\n\n\n\n<li>Analista programador<\/li>\n\n\n\n<li>Comercial de programas inform\u00e1ticos<\/li>\n\n\n\n<li>Asesor de programas inform\u00e1ticos<\/li>\n\n\n\n<li>Su trabajo se ubica fundamentalmente en investigaci\u00f3n y desarrollo (I+D): an\u00e1lisis, dise\u00f1o, producci\u00f3n y verificaci\u00f3n de productos \u00absoftware\u00bb<\/li>\n\n\n\n<li>Ejercer\u00e1 su actividad en empresas de servicios inform\u00e1ticos, principalmente en la Administraci\u00f3n P\u00fablica y en empresas grandes o medianas de cualquier sector de actividad<\/li>\n<\/ul>\n\n\n\n<h2 class=\"wp-block-heading\">Salidas acad\u00e9micas<\/h2>\n\n\n\n<ul class=\"wp-block-list\">\n<li>Ense\u00f1anzas Universitarias (t\u00edtulos de Grado) con la posibilidad de establecer convalidaciones de acuerdo con la normativa vigente<\/li>\n<\/ul>\n\n\n\n<h2 class=\"wp-block-heading\">Formas de acceso<\/h2>\n\n\n\n<ol class=\"wp-block-list\">\n<li><strong>Acceso directo<\/strong>\n<ul class=\"wp-block-list\">\n<li>Bachillerato<\/li>\n\n\n\n<li>COU<\/li>\n\n\n\n<li>Titulados de Formaci\u00f3n Profesional de segundo grado<\/li>\n<\/ul>\n<\/li>\n\n\n\n<li><strong>Acceso mediante prueba:<\/strong> sin cumplir ninguno de los requisitos acad\u00e9micos de acceso directo, tener diecinueve a\u00f1os de edad y superar la correspondiente prueba de acceso.<\/li>\n<\/ol>\n\n\n\n<h2 class=\"wp-block-heading\">M\u00f3dulos<\/h2>\n\n\n\n<figure class=\"wp-block-table is-style-stripes\"><table class=\"has-fixed-layout\"><thead><tr><th>M\u00f3dulos DAM<\/th><\/tr><\/thead><tbody><tr><td>0483. Sistemas inform\u00e1ticos<\/td><\/tr><tr><td>0484. Bases de Datos<\/td><\/tr><tr><td>0485. Programaci\u00f3n<\/td><\/tr><tr><td>0373. Lenguajes de marcas y sistemas de gesti\u00f3n de informaci\u00f3n<\/td><\/tr><tr><td>0487. Entornos de desarrollo<\/td><\/tr><tr><td>0486. Acceso a datos<\/td><\/tr><tr><td>0488. Desarrollo de interfaces<\/td><\/tr><tr><td>0489. Programaci\u00f3n multimedia y dispositivos m\u00f3viles.<\/td><\/tr><tr><td>0490. Programaci\u00f3n de servicios y procesos<\/td><\/tr><tr><td>0491. Sistemas de gesti\u00f3n empresarial<\/td><\/tr><tr><td>Horas de Libre Configuraci\u00f3n<\/td><\/tr><tr><td>0492. Proyecto de desarrollo de aplicaciones multiplataforma<\/td><\/tr><tr><td>0493. Formaci\u00f3n y orientaci\u00f3n laboral<\/td><\/tr><tr><td>0494. Empresa e iniciativa emprendedora<\/td><\/tr><tr><td>0495. Formaci\u00f3n en Centros de Trabajo<\/td><\/tr><\/tbody><\/table><\/figure>\n\n\n\n<p><strong>&nbsp;<\/strong><\/p>\n","protected":false},"excerpt":{"rendered":"<p>El ciclo se compone de dos cursos con un total de 2.000 horas y con la siguiente distribuci\u00f3n de m\u00f3dulos: Primer curso (960 horas) M\u00f3dulo Horas por semana Sistemas inform\u00e1ticos 6 Bases de datos 6 Programaci\u00f3n 8 Lenguajes de marcas y sistemas de gesti\u00f3n de informaci\u00f3n 4 Entornos de desarrollo 3 Formaci\u00f3n y orientaci\u00f3n laboral [&hellip;]<\/p>\n","protected":false},"author":4,"featured_media":0,"parent":1486,"menu_order":0,"comment_status":"closed","ping_status":"closed","template":"","meta":{"_uag_custom_page_level_css":"","site-sidebar-layout":"default","site-content-layout":"","ast-site-content-layout":"default","site-content-style":"default","site-sidebar-style":"default","ast-global-header-display":"","ast-banner-title-visibility":"","ast-main-header-display":"","ast-hfb-above-header-display":"","ast-hfb-below-header-display":"","ast-hfb-mobile-header-display":"","site-post-title":"","ast-breadcrumbs-content":"","ast-featured-img":"","footer-sml-layout":"","ast-disable-related-posts":"","theme-transparent-header-meta":"","adv-header-id-meta":"","stick-header-meta":"","header-above-stick-meta":"","header-main-stick-meta":"","header-below-stick-meta":"","astra-migrate-meta-layouts":"default","ast-page-background-enabled":"default","ast-page-background-meta":{"desktop":{"background-color":"var(--ast-global-color-5)","background-image":"","background-repeat":"repeat","background-position":"center center","background-size":"auto","background-attachment":"scroll","background-type":"","background-media":"","overlay-type":"","overlay-color":"","overlay-opacity":"","overlay-gradient":""},"tablet":{"background-color":"","background-image":"","background-repeat":"repeat","background-position":"center center","background-size":"auto","background-attachment":"scroll","background-type":"","background-media":"","overlay-type":"","overlay-color":"","overlay-opacity":"","overlay-gradient":""},"mobile":{"background-color":"","background-image":"","background-repeat":"repeat","background-position":"center center","background-size":"auto","background-attachment":"scroll","background-type":"","background-media":"","overlay-type":"","overlay-color":"","overlay-opacity":"","overlay-gradient":""}},"ast-content-background-meta":{"desktop":{"background-color":"var(--ast-global-color-4)","background-image":"","background-repeat":"repeat","background-position":"center center","background-size":"auto","background-attachment":"scroll","background-type":"","background-media":"","overlay-type":"","overlay-color":"","overlay-opacity":"","overlay-gradient":""},"tablet":{"background-color":"var(--ast-global-color-4)","background-image":"","background-repeat":"repeat","background-position":"center center","background-size":"auto","background-attachment":"scroll","background-type":"","background-media":"","overlay-type":"","overlay-color":"","overlay-opacity":"","overlay-gradient":""},"mobile":{"background-color":"var(--ast-global-color-4)","background-image":"","background-repeat":"repeat","background-position":"center center","background-size":"auto","background-attachment":"scroll","background-type":"","background-media":"","overlay-type":"","overlay-color":"","overlay-opacity":"","overlay-gradient":""}},"footnotes":""},"class_list":["post-1767","page","type-page","status-publish","hentry"],"uagb_featured_image_src":{"full":false,"thumbnail":false,"medium":false,"medium_large":false,"large":false,"1536x1536":false,"2048x2048":false},"uagb_author_info":{"display_name":"Concepci\u00f3n Navarro","author_link":"https:\/\/www.ieslosmontecillos.es\/wp\/author\/maquetado\/"},"uagb_comment_info":0,"uagb_excerpt":"El ciclo se compone de dos cursos con un total de 2.000 horas y con la siguiente distribuci\u00f3n de m\u00f3dulos: Primer curso (960 horas) M\u00f3dulo Horas por semana Sistemas inform\u00e1ticos 6 Bases de datos 6 Programaci\u00f3n 8 Lenguajes de marcas y sistemas de gesti\u00f3n de informaci\u00f3n 4 Entornos de desarrollo 3 Formaci\u00f3n y orientaci\u00f3n laboral&hellip;","_links":{"self":[{"href":"https:\/\/www.ieslosmontecillos.es\/wp\/wp-json\/wp\/v2\/pages\/1767","targetHints":{"allow":["GET"]}}],"collection":[{"href":"https:\/\/www.ieslosmontecillos.es\/wp\/wp-json\/wp\/v2\/pages"}],"about":[{"href":"https:\/\/www.ieslosmontecillos.es\/wp\/wp-json\/wp\/v2\/types\/page"}],"author":[{"embeddable":true,"href":"https:\/\/www.ieslosmontecillos.es\/wp\/wp-json\/wp\/v2\/users\/4"}],"replies":[{"embeddable":true,"href":"https:\/\/www.ieslosmontecillos.es\/wp\/wp-json\/wp\/v2\/comments?post=1767"}],"version-history":[{"count":8,"href":"https:\/\/www.ieslosmontecillos.es\/wp\/wp-json\/wp\/v2\/pages\/1767\/revisions"}],"predecessor-version":[{"id":2854,"href":"https:\/\/www.ieslosmontecillos.es\/wp\/wp-json\/wp\/v2\/pages\/1767\/revisions\/2854"}],"up":[{"embeddable":true,"href":"https:\/\/www.ieslosmontecillos.es\/wp\/wp-json\/wp\/v2\/pages\/1486"}],"wp:attachment":[{"href":"https:\/\/www.ieslosmontecillos.es\/wp\/wp-json\/wp\/v2\/media?parent=1767"}],"curies":[{"name":"wp","href":"https:\/\/api.w.org\/{rel}","templated":true}]}}